{"id":9654,"date":"2023-03-27T07:22:17","date_gmt":"2023-03-27T05:22:17","guid":{"rendered":"https:\/\/www.inaprio.com\/impressum\/"},"modified":"2025-01-06T08:23:38","modified_gmt":"2025-01-06T07:23:38","slug":"imprimare","status":"publish","type":"page","link":"https:\/\/www.inaprio.com\/ro\/imprimare\/","title":{"rendered":"Imprimare"},"content":{"rendered":"<div class=\"wpb-content-wrapper\"><p>[vc_row row_btt_skin=&#8221;light&#8221; row_background_text_position=&#8221;front&#8221;][vc_column][vc_column_text]<\/p>\n<article class=\"main-content\" role=\"article\">\n<section class=\"section \">\n<div class=\"section-content\">\n<div class=\"row column\">\n<h2><strong>Imprimare<\/strong><\/h2>\n<\/div>\n<\/div>\n<\/section>\n<\/article>\n<p>[\/vc_column_text][\/vc_column][\/vc_row][vc_row row_btt_skin=&#8221;light&#8221; row_background_text_position=&#8221;front&#8221;][vc_column][vc_empty_space height=&#8221;60px&#8221;][\/vc_column][\/vc_row][vc_row row_btt_skin=&#8221;light&#8221; row_background_text_position=&#8221;front&#8221;][vc_column width=&#8221;1\/2&#8243;][vc_column_text]<\/p>\n<article class=\"main-content\" role=\"article\">\n<section class=\"section \">\n<div class=\"section-content\">\n<div class=\"row column\">\n<p><strong>Publicat de: <\/strong><br \/>\nHEBERGER GmbH<br \/>\nWaldspitzweg 3<br \/>\n67105 Schifferstadt<br \/>\nTelefon: (0 62 35) 9 30-0<br \/>\nTelefax: (0 62 35) 9 30-2 37<br \/>\nE-Mail:\u00a0info@heberger.com<\/p>\n<p><strong>Detalii bancare:<\/strong><br \/>\nVolksbank Kur- und Rheinpfalz eG<br \/>\nIBAN: DE10 5479 0000 0000 0632 58<br \/>\nBIC: GENODE61SPE<\/p>\n<p><strong>Instan\u021ba de \u00eenregistrare: Tribunalul local Ludwigshafen HRB 63699<br \/>\nNum\u0103r de identificare TVA: DE 149687918<\/strong><\/p>\n<\/div>\n<\/div>\n<\/section>\n<\/article>\n<p>[\/vc_column_text][\/vc_column][vc_column width=&#8221;1\/2&#8243;][vc_column_text css=&#8221;&#8221;]<\/p>\n<article class=\"main-content\" role=\"article\">\n<section class=\"section \">\n<div class=\"section-content\">\n<div class=\"row column\">\n<p><strong>Pre\u0219edintele Consiliului de supraveghere:<br \/>\n<\/strong>Dr. J\u00fcrgen M. Schneider<\/p>\n<p><strong>Director general:<br \/>\n<\/strong>Dipl.-Ing. Christian Hildenbrand<br \/>\nDipl.-Kfm. Armin Hess<br \/>\nDipl.-Ing. Gregor Lelle<br \/>\nDipl.-Ing. Michael Selinger<\/p>\n<p>&nbsp;<\/p>\n<\/div>\n<\/div>\n<\/section>\n<\/article>\n<p>[\/vc_column_text][\/vc_column][\/vc_row][vc_row row_btt_skin=&#8221;light&#8221; row_background_text_position=&#8221;front&#8221;][vc_column][vc_empty_space height=&#8221;30px&#8221;][\/vc_column][\/vc_row][vc_row row_btt_skin=&#8221;light&#8221; row_background_text_position=&#8221;front&#8221;][vc_column][vc_column_text css=&#8221;&#8221;]<\/p>\n<article class=\"main-content\" role=\"article\">\n<section class=\"section \">\n<div class=\"section-content\">\n<div class=\"row column\">\n<p><strong>Responsabil pentru con\u021binutul editorial: Conf:<br \/>\n<\/strong>Marcus Medwed<br \/>\nGrupul Comunicare<br \/>\nWaldspitzweg 3<br \/>\n67105 Schifferstadt<\/p>\n<\/div>\n<\/div>\n<\/section>\n<\/article>\n<p>[\/vc_column_text][\/vc_column][\/vc_row][vc_row row_btt_skin=&#8221;light&#8221; row_background_text_position=&#8221;front&#8221;][vc_column][vc_empty_space height=&#8221;30px&#8221;][\/vc_column][\/vc_row][vc_row row_btt_skin=&#8221;light&#8221; row_background_text_position=&#8221;front&#8221;][vc_column][vc_column_text]<\/p>\n<article class=\"main-content\" role=\"article\">\n<section class=\"section \">\n<div class=\"section-content\">\n<div class=\"row column\">\n<p><strong>Rezerva de r\u0103spundere<\/strong><br \/>\n\u00cen hot\u0103r\u00e2rea din 12 mai 1998, Tribunalul Regional din Hamburg a decis c\u0103 includerea de link-uri conduce, de asemenea, la coresponsabilitatea materialului oferit prin intermediul acestor link-uri. Prin prezenta, ne distan\u021b\u0103m \u00een mod expres de paginile legate.<\/p>\n<p>&nbsp;<\/p>\n<p><strong>Drepturi de autor<\/strong><br \/>\nInforma\u021biile prezentate pot fi salvate, transmise \u0219i reproduse, dar f\u0103r\u0103 a le modifica sau falsifica. V\u0103 rug\u0103m s\u0103 indica\u021bi sursa atunci c\u00e2nd le transmite\u021bi sau le copia\u021bi. Grafica este supus\u0103 drepturilor de autor \u0219i nu poate fi reprodus\u0103 f\u0103r\u0103 permisiunea de\u021bin\u0103torului drepturilor de autor.<\/p>\n<p>&nbsp;<\/p>\n<p><strong>Drepturi de imagine<\/strong><br \/>\nFotolia, Petra Feldmann, H.-P. Merkle, Denise Gerhardt<\/p>\n<p>&nbsp;<\/p>\n<p><strong>Repertoriu de proceduri pentru toat\u0103 lumea (\u00a7 4 e nr. 1 &#8211; 8 BDSG)<br \/>\n<em>Numele sau firma organismului responsabil: <\/em><\/strong> HEBERGER GmbH<\/p>\n<p><em><strong>\u0218eful organismului responsabil \u0219i al prelucr\u0103rii datelor:<\/strong><br \/>\n<\/em>Dipl. ing. Gerhard Becker (director general)<br \/>\nDipl.-Kfm. Armin Hess (director general)<\/p>\n<p><em><strong>Adresa organismului responsabil: <\/strong> <\/em>Waldspitzweg 3, 67105 Schifferstadt, Germania.<\/p>\n<p><strong><em>Scopul colect\u0103rii, prelucr\u0103rii sau utiliz\u0103rii datelor: <\/em><\/strong><br \/>\nColectarea, prelucrarea \u0219i utilizarea datelor se realizeaz\u0103 \u00een scopuri proprii \u00een sensul \u00a728 BDSG. Derivat din statutul societ\u0103\u021bii, obiectul de activitate al societ\u0103\u021bii este planificarea \u0219i ridicarea de cl\u0103diri de orice fel, precum \u0219i executarea de lucr\u0103ri de construc\u021bii de orice fel \u00een nume propriu sau \u00een contul unor ter\u021bi, inclusiv toate lucr\u0103rile legate direct sau indirect de acestea. Societatea poate produce, achizi\u021biona, utiliza \u0219i vinde bunuri mobile \u0219i imobile.<\/p>\n<p><em><strong>Descrierea grupurilor de persoane vizate \u0219i a categoriilor de date sau a datelor referitoare la acestea:<\/strong><br \/>\n<\/em>Grupurile de persoane vizate \u0219i categoriile de date sau de date aferente rezult\u0103 din scop (nr. 4). Acestea sunt, \u00een principal, urm\u0103toarele grupuri de persoane: Angaja\u021bii proprii, stagiarii, stagiarii, candida\u021bii, clien\u021bii, precum \u0219i angaja\u021bii acestora, clien\u021bii, furnizorii, prestatorii de servicii, partenerii contractuali \u0219i persoanele de contact ale grupurilor men\u021bionate anterior.<\/p>\n<p><strong><em>Categorii de date:<\/em><\/strong> Date de baz\u0103, date de facturare, date de prospectare, date de client, date de contract, date de plat\u0103, date de control, date de client, date de angajat, date de partener de afaceri, date de furnizor, date de autoritate public\u0103.<\/p>\n<p><strong><em>Date:<\/em><\/strong> Date privind adresa, date privind numele, data na\u0219terii, numere de identificare fiscal\u0103, numere de identificare TVA, detalii privind num\u0103rul de asigurare na\u021bional\u0103, denumire, date bancare, date privind s\u0103n\u0103tatea, date privind planificarea, date privind contractul, date privind facturarea, date voluntare ale persoanei \u00een cauz\u0103, \u00een m\u0103sura \u00een care acest lucru este necesar pentru finalizarea comenzii sau pentru prelucrarea contractului. \u00cen domeniul administr\u0103rii personalului, sunt stocate, de asemenea, informa\u021bii privind calific\u0103rile, intrarea \u0219i ie\u0219irea din rela\u021bia de munc\u0103, date privind salariul \u0219i retribu\u021bia, date privind pensia \u0219i securitatea social\u0103, avertismente, referin\u021be \u0219i documente de candidatur\u0103.<\/p>\n<p><strong><em>Destinatarii sau categoriile de destinatari c\u0103rora le pot fi dezv\u0103luite datele:<\/em><\/strong><br \/>\nNu se va transmite niciun fel de date cu caracter personal f\u0103r\u0103 consim\u021b\u0103m\u00e2nt. \u00cen cazul \u00een care exist\u0103 consim\u021b\u0103m\u00e2ntul expres sau ordinul partenerului contractual sau \u00een cazul \u00een care dispozi\u021bii legale imperative determin\u0103 transmiterea datelor, datele vor fi transmise c\u0103tre:<\/p>\n<ul>\n<li>Autorit\u0103\u021bi publice (de exemplu, birouri fiscale, institu\u021bii de securitate social\u0103, b\u0103nci, companii de asigur\u0103ri, instan\u021be)<\/li>\n<li>birouri interne implicate \u00een executarea proceselor comerciale respective (de exemplu, administrare de personal, contabilitate, contabilitate, achizi\u021bii, marketing, administra\u021bie general\u0103, v\u00e2nz\u0103ri)<\/li>\n<li>contractori externi (societ\u0103\u021bi de servicii) \u00een conformitate cu \u00a711 BDSG<\/li>\n<li>alte organisme, \u00een m\u0103sura \u00een care este necesar pentru \u00eendeplinirea scopurilor men\u021bionate la punctul 4.<\/li>\n<\/ul>\n<p>&nbsp;<\/p>\n<p><strong>Perioadele standard de \u0219tergere a datelor:<\/strong><\/p>\n<p>Legiuitorul a adoptat o varietate de obliga\u021bii \u0219i perioade de p\u0103strare. Dup\u0103 expirarea acestor perioade, datele corespunz\u0103toare sunt \u0219terse \u00een mod obi\u0219nuit dac\u0103 nu mai sunt necesare pentru \u00eendeplinirea contractului, \u00een m\u0103sura \u00een care acest lucru nu contravine obliga\u021biilor \u0219i perioadelor legale de p\u0103strare. \u00cen cazul \u00een care datele nu sunt afectate de acest lucru, acestea vor fi \u0219terse dac\u0103 scopurile men\u021bionate la punctul 4. nu se mai aplic\u0103.<\/p>\n<\/div>\n<\/div>\n<\/section>\n<\/article>\n<p>[\/vc_column_text][\/vc_column][\/vc_row][vc_row row_btt_skin=&#8221;light&#8221; row_background_text_position=&#8221;front&#8221;][vc_column][vc_empty_space height=&#8221;100px&#8221;][\/vc_column][\/vc_row]<\/p>\n<\/div>","protected":false},"excerpt":{"rendered":"<p>[vc_row row_btt_skin=&#8221;light&#8221; row_background_text_position=&#8221;front&#8221;][vc_column][vc_column_text] Imprimare [\/vc_column_text][\/vc_column][\/vc_row][vc_row row_btt_skin=&#8221;light&#8221; row_background_text_position=&#8221;front&#8221;][vc_column][vc_empty_space height=&#8221;60px&#8221;][\/vc_column][\/vc_row][vc_row row_btt_skin=&#8221;light&#8221; row_background_text_position=&#8221;front&#8221;][vc_column width=&#8221;1\/2&#8243;][vc_column_text] Publicat de: HEBERGER GmbH Waldspitzweg 3 67105 Schifferstadt Telefon: (0 62 35) 9 30-0 Telefax: (0 62 35) 9 30-2 37 E-Mail:\u00a0info@heberger.com Detalii bancare: Volksbank Kur- und Rheinpfalz eG [&hellip;]<\/p>\n","protected":false},"author":1,"featured_media":0,"parent":0,"menu_order":0,"comment_status":"closed","ping_status":"open","template":"","meta":{"footnotes":""},"class_list":["post-9654","page","type-page","status-publish","hentry"],"yoast_head":"<!-- This site is optimized with the Yoast SEO plugin v26.3 - https:\/\/yoast.com\/wordpress\/plugins\/seo\/ -->\n<title>Imprimare - INAPRIO PERSONALVERMITTLUNG<\/title>\n<meta name=\"robots\" content=\"index, follow, max-snippet:-1, max-image-preview:large, max-video-preview:-1\" \/>\n<link rel=\"canonical\" href=\"https:\/\/www.inaprio.com\/ro\/imprimare\/\" \/>\n<meta property=\"og:locale\" content=\"ro_RO\" \/>\n<meta property=\"og:type\" content=\"article\" \/>\n<meta property=\"og:title\" content=\"Imprimare - INAPRIO PERSONALVERMITTLUNG\" \/>\n<meta property=\"og:description\" content=\"[vc_row row_btt_skin=&#8221;light&#8221; row_background_text_position=&#8221;front&#8221;][vc_column][vc_column_text] Imprimare [\/vc_column_text][\/vc_column][\/vc_row][vc_row row_btt_skin=&#8221;light&#8221; row_background_text_position=&#8221;front&#8221;][vc_column][vc_empty_space height=&#8221;60px&#8221;][\/vc_column][\/vc_row][vc_row row_btt_skin=&#8221;light&#8221; row_background_text_position=&#8221;front&#8221;][vc_column width=&#8221;1\/2&#8243;][vc_column_text] Publicat de: HEBERGER GmbH Waldspitzweg 3 67105 Schifferstadt Telefon: (0 62 35) 9 30-0 Telefax: (0 62 35) 9 30-2 37 E-Mail:\u00a0info@heberger.com Detalii bancare: Volksbank Kur- und Rheinpfalz eG [&hellip;]\" \/>\n<meta property=\"og:url\" content=\"https:\/\/www.inaprio.com\/ro\/imprimare\/\" \/>\n<meta property=\"og:site_name\" content=\"INAPRIO PERSONALVERMITTLUNG\" \/>\n<meta property=\"article:modified_time\" content=\"2025-01-06T07:23:38+00:00\" \/>\n<meta name=\"twitter:card\" content=\"summary_large_image\" \/>\n<meta name=\"twitter:label1\" content=\"Timp estimat pentru citire\" \/>\n\t<meta name=\"twitter:data1\" content=\"5 minute\" \/>\n<script type=\"application\/ld+json\" class=\"yoast-schema-graph\">{\"@context\":\"https:\/\/schema.org\",\"@graph\":[{\"@type\":\"WebPage\",\"@id\":\"https:\/\/www.inaprio.com\/ro\/imprimare\/\",\"url\":\"https:\/\/www.inaprio.com\/ro\/imprimare\/\",\"name\":\"Imprimare - INAPRIO PERSONALVERMITTLUNG\",\"isPartOf\":{\"@id\":\"https:\/\/www.inaprio.com\/en\/#website\"},\"datePublished\":\"2023-03-27T05:22:17+00:00\",\"dateModified\":\"2025-01-06T07:23:38+00:00\",\"breadcrumb\":{\"@id\":\"https:\/\/www.inaprio.com\/ro\/imprimare\/#breadcrumb\"},\"inLanguage\":\"ro-RO\",\"potentialAction\":[{\"@type\":\"ReadAction\",\"target\":[\"https:\/\/www.inaprio.com\/ro\/imprimare\/\"]}]},{\"@type\":\"BreadcrumbList\",\"@id\":\"https:\/\/www.inaprio.com\/ro\/imprimare\/#breadcrumb\",\"itemListElement\":[{\"@type\":\"ListItem\",\"position\":1,\"name\":\"Startseite\",\"item\":\"https:\/\/www.inaprio.com\/ro\/\"},{\"@type\":\"ListItem\",\"position\":2,\"name\":\"Imprimare\"}]},{\"@type\":\"WebSite\",\"@id\":\"https:\/\/www.inaprio.com\/en\/#website\",\"url\":\"https:\/\/www.inaprio.com\/en\/\",\"name\":\"INAPRIO PERSONALVERMITTLUNG\",\"description\":\"Wir rekrutieren und vermitteln Arbeitskr\u00e4fte aus ganz Europa.\",\"publisher\":{\"@id\":\"https:\/\/www.inaprio.com\/en\/#organization\"},\"potentialAction\":[{\"@type\":\"SearchAction\",\"target\":{\"@type\":\"EntryPoint\",\"urlTemplate\":\"https:\/\/www.inaprio.com\/en\/?s={search_term_string}\"},\"query-input\":{\"@type\":\"PropertyValueSpecification\",\"valueRequired\":true,\"valueName\":\"search_term_string\"}}],\"inLanguage\":\"ro-RO\"},{\"@type\":\"Organization\",\"@id\":\"https:\/\/www.inaprio.com\/en\/#organization\",\"name\":\"INAPRIO PERSONALVERMITTLUNG\",\"url\":\"https:\/\/www.inaprio.com\/en\/\",\"logo\":{\"@type\":\"ImageObject\",\"inLanguage\":\"ro-RO\",\"@id\":\"https:\/\/www.inaprio.com\/en\/#\/schema\/logo\/image\/\",\"url\":\"https:\/\/www.inaprio.com\/wp-content\/uploads\/2023\/04\/inaprio.png\",\"contentUrl\":\"https:\/\/www.inaprio.com\/wp-content\/uploads\/2023\/04\/inaprio.png\",\"width\":176,\"height\":48,\"caption\":\"INAPRIO PERSONALVERMITTLUNG\"},\"image\":{\"@id\":\"https:\/\/www.inaprio.com\/en\/#\/schema\/logo\/image\/\"}}]}<\/script>\n<!-- \/ Yoast SEO plugin. -->","yoast_head_json":{"title":"Imprimare - INAPRIO PERSONALVERMITTLUNG","robots":{"index":"index","follow":"follow","max-snippet":"max-snippet:-1","max-image-preview":"max-image-preview:large","max-video-preview":"max-video-preview:-1"},"canonical":"https:\/\/www.inaprio.com\/ro\/imprimare\/","og_locale":"ro_RO","og_type":"article","og_title":"Imprimare - INAPRIO PERSONALVERMITTLUNG","og_description":"[vc_row row_btt_skin=&#8221;light&#8221; row_background_text_position=&#8221;front&#8221;][vc_column][vc_column_text] Imprimare [\/vc_column_text][\/vc_column][\/vc_row][vc_row row_btt_skin=&#8221;light&#8221; row_background_text_position=&#8221;front&#8221;][vc_column][vc_empty_space height=&#8221;60px&#8221;][\/vc_column][\/vc_row][vc_row row_btt_skin=&#8221;light&#8221; row_background_text_position=&#8221;front&#8221;][vc_column width=&#8221;1\/2&#8243;][vc_column_text] Publicat de: HEBERGER GmbH Waldspitzweg 3 67105 Schifferstadt Telefon: (0 62 35) 9 30-0 Telefax: (0 62 35) 9 30-2 37 E-Mail:\u00a0info@heberger.com Detalii bancare: Volksbank Kur- und Rheinpfalz eG [&hellip;]","og_url":"https:\/\/www.inaprio.com\/ro\/imprimare\/","og_site_name":"INAPRIO PERSONALVERMITTLUNG","article_modified_time":"2025-01-06T07:23:38+00:00","twitter_card":"summary_large_image","twitter_misc":{"Timp estimat pentru citire":"5 minute"},"schema":{"@context":"https:\/\/schema.org","@graph":[{"@type":"WebPage","@id":"https:\/\/www.inaprio.com\/ro\/imprimare\/","url":"https:\/\/www.inaprio.com\/ro\/imprimare\/","name":"Imprimare - INAPRIO PERSONALVERMITTLUNG","isPartOf":{"@id":"https:\/\/www.inaprio.com\/en\/#website"},"datePublished":"2023-03-27T05:22:17+00:00","dateModified":"2025-01-06T07:23:38+00:00","breadcrumb":{"@id":"https:\/\/www.inaprio.com\/ro\/imprimare\/#breadcrumb"},"inLanguage":"ro-RO","potentialAction":[{"@type":"ReadAction","target":["https:\/\/www.inaprio.com\/ro\/imprimare\/"]}]},{"@type":"BreadcrumbList","@id":"https:\/\/www.inaprio.com\/ro\/imprimare\/#breadcrumb","itemListElement":[{"@type":"ListItem","position":1,"name":"Startseite","item":"https:\/\/www.inaprio.com\/ro\/"},{"@type":"ListItem","position":2,"name":"Imprimare"}]},{"@type":"WebSite","@id":"https:\/\/www.inaprio.com\/en\/#website","url":"https:\/\/www.inaprio.com\/en\/","name":"INAPRIO PERSONALVERMITTLUNG","description":"Wir rekrutieren und vermitteln Arbeitskr\u00e4fte aus ganz Europa.","publisher":{"@id":"https:\/\/www.inaprio.com\/en\/#organization"},"potentialAction":[{"@type":"SearchAction","target":{"@type":"EntryPoint","urlTemplate":"https:\/\/www.inaprio.com\/en\/?s={search_term_string}"},"query-input":{"@type":"PropertyValueSpecification","valueRequired":true,"valueName":"search_term_string"}}],"inLanguage":"ro-RO"},{"@type":"Organization","@id":"https:\/\/www.inaprio.com\/en\/#organization","name":"INAPRIO PERSONALVERMITTLUNG","url":"https:\/\/www.inaprio.com\/en\/","logo":{"@type":"ImageObject","inLanguage":"ro-RO","@id":"https:\/\/www.inaprio.com\/en\/#\/schema\/logo\/image\/","url":"https:\/\/www.inaprio.com\/wp-content\/uploads\/2023\/04\/inaprio.png","contentUrl":"https:\/\/www.inaprio.com\/wp-content\/uploads\/2023\/04\/inaprio.png","width":176,"height":48,"caption":"INAPRIO PERSONALVERMITTLUNG"},"image":{"@id":"https:\/\/www.inaprio.com\/en\/#\/schema\/logo\/image\/"}}]}},"_links":{"self":[{"href":"https:\/\/www.inaprio.com\/ro\/wp-json\/wp\/v2\/pages\/9654","targetHints":{"allow":["GET"]}}],"collection":[{"href":"https:\/\/www.inaprio.com\/ro\/wp-json\/wp\/v2\/pages"}],"about":[{"href":"https:\/\/www.inaprio.com\/ro\/wp-json\/wp\/v2\/types\/page"}],"author":[{"embeddable":true,"href":"https:\/\/www.inaprio.com\/ro\/wp-json\/wp\/v2\/users\/1"}],"replies":[{"embeddable":true,"href":"https:\/\/www.inaprio.com\/ro\/wp-json\/wp\/v2\/comments?post=9654"}],"version-history":[{"count":10,"href":"https:\/\/www.inaprio.com\/ro\/wp-json\/wp\/v2\/pages\/9654\/revisions"}],"predecessor-version":[{"id":9901,"href":"https:\/\/www.inaprio.com\/ro\/wp-json\/wp\/v2\/pages\/9654\/revisions\/9901"}],"wp:attachment":[{"href":"https:\/\/www.inaprio.com\/ro\/wp-json\/wp\/v2\/media?parent=9654"}],"curies":[{"name":"wp","href":"https:\/\/api.w.org\/{rel}","templated":true}]}}