{"id":9658,"date":"2023-03-08T07:54:36","date_gmt":"2023-03-08T06:54:36","guid":{"rendered":"https:\/\/www.inaprio.com\/datenschutzerklaerung\/"},"modified":"2023-07-10T11:33:14","modified_gmt":"2023-07-10T09:33:14","slug":"protectia-datelor","status":"publish","type":"page","link":"https:\/\/www.inaprio.com\/ro\/protectia-datelor\/","title":{"rendered":"PROTEC\u021aIA DATELOR"},"content":{"rendered":"<div class=\"wpb-content-wrapper\"><p>[vc_row row_btt_skin=&#8221;light&#8221; row_background_text_position=&#8221;front&#8221; el_class=&#8221;liststyle&#8221;][vc_column][vc_empty_space height=&#8221;100px&#8221;][vc_column_text]<\/p>\n<article class=\"main-content\" role=\"article\">\n<section class=\"section \">\n<div class=\"section-content\">\n<div class=\"row column\">\n<h2><strong>PROTEC\u021aIA DATELOR<\/strong><\/h2>\n<p><strong>Lu\u0103m \u00een serios protec\u021bia datelor<\/strong><\/p>\n<p>Protejarea confiden\u021bialit\u0103\u021bii dvs. atunci c\u00e2nd proces\u0103m date cu caracter personal este important\u0103 pentru noi. Atunci c\u00e2nd vizita\u021bi site-ul nostru web, serverele noastre web salveaz\u0103 \u00een mod standard IP-ul furnizorului dvs. de servicii de internet, site-ul web de pe care ne vizita\u021bi, paginile web pe care le vizita\u021bi pe site-ul nostru web, precum \u0219i data \u0219i durata vizitei dvs. Aceste informa\u021bii sunt absolut necesare pentru transmiterea tehnic\u0103 a paginilor web \u0219i pentru func\u021bionarea sigur\u0103 a serverului. Nu are loc o evaluare personalizat\u0103 a acestor date.<\/p>\n<p>\u00cen cazul \u00een care ne trimite\u021bi date prin intermediul formularului de contact, aceste date vor fi stocate pe serverele noastre ca parte a procesului de backup al datelor. Datele dvs. vor fi utilizate de noi doar pentru a procesa cererea dvs. Datele dvs. vor fi tratate ca fiind strict confiden\u021biale. Acestea nu vor fi transmise unor ter\u021be p\u0103r\u021bi.<\/p>\n<p>Biroul responsabil:<\/p>\n<p>HEBERGER GmbH<br \/>\nWaldspitzweg 3<br \/>\n67105 Schifferstadt<br \/>\nTelefon: (0 62 35) 9 30-0<br \/>\nE-Mail:\u00a0<a href=\"mailto:info@heberger.com\">info@heberger.com<\/a><\/p>\n<p>&nbsp;<\/p>\n<p><strong>Date personale<\/strong><\/p>\n<p>Datele cu caracter personal sunt date despre persoana dumneavoastr\u0103. Acestea includ numele dumneavoastr\u0103, adresa \u0219i adresa de e-mail. Nu trebuie s\u0103 dezv\u0103lui\u021bi niciun fel de date personale pentru a vizita site-ul nostru. \u00cen unele cazuri, avem nevoie de numele \u0219i adresa dumneavoastr\u0103, precum \u0219i de alte informa\u021bii pentru a v\u0103 putea oferi serviciul de care ave\u021bi nevoie.<\/p>\n<p>Acela\u0219i lucru este valabil \u0219i \u00een cazul \u00een care v\u0103 furniz\u0103m materiale informative la cerere sau c\u00e2nd v\u0103 r\u0103spundem la \u00eentreb\u0103rile dumneavoastr\u0103. \u00cen aceste cazuri, v\u0103 vom semnala \u00eentotdeauna acest lucru. \u00cen plus, stoc\u0103m doar datele pe care ni le-a\u021bi furnizat \u00een mod automat sau voluntar.<\/p>\n<p>Atunci c\u00e2nd utiliza\u021bi unul dintre serviciile noastre, \u00een general, colect\u0103m doar datele necesare pentru a v\u0103 furniza serviciul nostru. Este posibil s\u0103 v\u0103 cerem informa\u021bii suplimentare, dar acest lucru este voluntar. Ori de c\u00e2te ori prelucr\u0103m date cu caracter personal, facem acest lucru pentru a v\u0103 furniza serviciul nostru sau pentru a ne urm\u0103ri obiectivele comerciale.<\/p>\n<p>&nbsp;<\/p>\n<p><strong>Date f\u0103r\u0103 caracter personal stocate automat\u00a0<\/strong><\/p>\n<p>Atunci c\u00e2nd vizita\u021bi site-urile noastre web, stoc\u0103m anumite informa\u021bii din motive administrative \u0219i tehnice. Acestea sunt: Tipul \u0219i versiunea browserului utilizat, data \u0219i ora acces\u0103rii, precum \u0219i adresa IP.<\/p>\n<p>Aceste date sunt anonimizate \u0219i sunt utilizate doar \u00een scopuri statistice sau pentru a \u00eembun\u0103t\u0103\u021bi serviciile noastre de internet \u0219i online.<\/p>\n<p>Aceste date anonime sunt stocate &#8211; separat de datele cu caracter personal &#8211; \u00een sisteme securizate \u0219i nu pot fi atribuite unor persoane individuale. Acest lucru \u00eenseamn\u0103 c\u0103 datele dvs. personale r\u0103m\u00e2n protejate \u00een permanen\u021b\u0103.<\/p>\n<p>&nbsp;<\/p>\n<p><strong>Cookie-uri<\/strong><\/p>\n<p>Atunci c\u00e2nd vizita\u021bi site-ul nostru web, este posibil s\u0103 stoc\u0103m informa\u021bii pe computerul dumneavoastr\u0103 sub form\u0103 de cookie-uri. Cookie-urile sunt fi\u0219iere de mici dimensiuni care sunt transferate de la un server de internet la browserul dumneavoastr\u0103 \u0219i stocate pe hard disk-ul acestuia. Temeiul juridic pentru utilizarea cookie-urilor este art. 6 alin. 1 lit. f DSGVO.<\/p>\n<p>Este stocat\u0103 doar adresa de protocol de internet &#8211; nu sunt stocate alte date cu caracter personal. Aceste informa\u021bii, care sunt stocate \u00een cookie-uri, ne permit s\u0103 v\u0103 recunoa\u0219tem automat la urm\u0103toarea vizit\u0103 pe site-ul nostru, facilit\u00e2ndu-v\u0103 astfel utilizarea acestuia.<\/p>\n<p>Bine\u00een\u021beles, pute\u021bi vizita site-ul nostru web \u0219i f\u0103r\u0103 a accepta cookie-uri. Dac\u0103 nu dori\u021bi ca computerul dvs. s\u0103 fie recunoscut la urm\u0103toarea vizit\u0103, pute\u021bi refuza, de asemenea, utilizarea de module cookie prin modificarea set\u0103rilor din browserul dvs. la &#8222;refuz\u0103 cookie-urile&#8221;. Ve\u021bi g\u0103si procedura relevant\u0103 \u00een instruc\u021biunile de utilizare ale browserului dumneavoastr\u0103. Cu toate acestea, dac\u0103 refuza\u021bi utilizarea modulelor cookie, este posibil s\u0103 ave\u021bi restric\u021bii \u00een utilizarea anumitor zone ale site-ului nostru web.<\/p>\n<p>&nbsp;<\/p>\n<p><strong>Pixeli de audien\u021b\u0103 personalizat\u0103 Facebook<\/strong><\/p>\n<p>Pentru a prezenta reclame bazate pe interese vizitatorilor site-ului nostru web \u00een timpul vizitei lor pe Facebook, folosim &#8222;Pixeli de audien\u021b\u0103 personalizat\u0103&#8221; de la Facebook Inc, 1601 S. California Ave, Palo Alto, CA 94304, SUA (&#8222;Facebook&#8221;). \u00cen acest scop, am implementat un pixel Facebook pe site-ul nostru web, care stabile\u0219te o conexiune direct\u0103 cu serverele Facebook atunci c\u00e2nd vizita\u021bi site-ul nostru web. Acesta transmite serverului Facebook faptul c\u0103 a\u021bi vizitat site-ul nostru web, iar Facebook atribuie aceste informa\u021bii contului personal de utilizator Facebook. Pentru mai multe informa\u021bii despre colectarea \u0219i utilizarea datelor de c\u0103tre Facebook, precum \u0219i despre drepturile dvs. \u00een aceast\u0103 privin\u021b\u0103 \u0219i op\u021biunile de protejare a confiden\u021bialit\u0103\u021bii dvs., v\u0103 rug\u0103m s\u0103 consulta\u021bi politica de cofiden\u021bialitate a Facebook la https:\/\/www.facebook.com\/about\/privacy\/.<\/p>\n<p>Dac\u0103 dori\u021bi s\u0103 v\u0103 opune\u021bi conexiunii descrise cu Facebook, pute\u021bi face acest lucru f\u0103c\u00e2nd clic pe acest link.\u00a0<a href=\"https:\/\/www.heberger.com\/datenschutzhinweis\/\">Link<\/a><\/p>\n<p>&nbsp;<\/p>\n<p><strong>YouTube \u00een modul extins de protec\u021bie a datelor<\/strong><\/p>\n<p>Utiliz\u0103m furnizorul YouTube pentru a \u00eencorpora videoclipuri. Videoclipurile sunt \u00eencorporate \u00een modul extins de protec\u021bie a datelor. Cu toate acestea, la fel ca majoritatea site-urilor web, YouTube utilizeaz\u0103, de asemenea, cookie-uri pentru a colecta informa\u021bii despre vizitatorii site-ului s\u0103u web. YouTube le utilizeaz\u0103, printre altele, pentru a colecta statistici video, pentru a preveni fraudele \u0219i pentru a \u00eembun\u0103t\u0103\u021bi u\u0219urin\u021ba de utilizare. Acest lucru duce, de asemenea, la o conexiune cu re\u021beaua Google DoubleClick. Atunci c\u00e2nd porni\u021bi videoclipul, acest lucru ar putea declan\u0219a alte opera\u021biuni de prelucrare a datelor. Nu avem niciun control asupra acestui lucru. Pentru mai multe informa\u021bii despre protec\u021bia datelor la YouTube, v\u0103 rug\u0103m s\u0103 consulta\u021bi politica lor de confiden\u021bialitate la:<a href=\"http:\/\/www.youtube.com\/t\/privacy_at_youtube\">http:\/\/www.youtube.com\/t\/privacy_at_youtube<\/a><\/p>\n<p>&nbsp;<\/p>\n<p><strong>Google Doubleclick<\/strong><\/p>\n<p>Doubleclick by Google este un serviciu furnizat de Google Inc, 1600 Amphitheatre Parkway, Mountain View, CA 94043, SUA (&#8222;Google&#8221;). Doubleclick by Google utilizeaz\u0103 cookie-uri pentru a v\u0103 prezenta reclame relevante pentru dumneavoastr\u0103. \u00cen acest proces, un num\u0103r de identificare pseudonim (ID) este atribuit browserului dvs. pentru a verifica ce reclame au fost afi\u0219ate \u00een browserul dvs. \u0219i ce reclame au fost apelate. Cookie-urile nu con\u021bin nicio informa\u021bie personal\u0103. Utilizarea modulelor cookie DoubleClick permite doar Google \u0219i site-urilor partenere s\u0103 difuzeze anun\u021buri pe baza vizitelor anterioare pe site-ul nostru sau pe alte site-uri de pe internet. Informa\u021biile generate de cookie-uri sunt transferate de Google c\u0103tre un server din SUA pentru analiz\u0103 \u0219i stocate acolo. Google respect\u0103 prevederile privind protec\u021bia datelor din acordul &#8222;Privacy Shield&#8221; \u0219i este \u00eenregistrat \u00een programul &#8222;Privacy Shield&#8221; al Departamentului de Comer\u021b al SUA. Un transfer de date de c\u0103tre Google c\u0103tre ter\u021bi are loc numai pe baza reglement\u0103rilor legale sau \u00een cadrul unei prelucr\u0103ri de date comandate. \u00cen niciun caz Google nu va combina datele dvs. cu alte date colectate de Google.<\/p>\n<p>Prin utilizarea site-ului nostru web, sunte\u021bi de acord cu prelucrarea datelor dumneavoastr\u0103 de c\u0103tre Google \u0219i cu modul \u00een care acestea sunt prelucrate \u0219i \u00een scopurile stabilite mai sus. Pute\u021bi refuza utilizarea modulelor cookie prin selectarea set\u0103rilor corespunz\u0103toare din browserul dvs., \u00eens\u0103 v\u0103 rug\u0103m s\u0103 re\u021bine\u021bi c\u0103, \u00een acest caz, este posibil s\u0103 nu pute\u021bi utiliza toate func\u021bionalit\u0103\u021bile site-ului nostru web. \u00cen plus, pute\u021bi \u00eempiedica colectarea c\u0103tre Google a datelor generate de modulele cookie \u0219i legate de utilizarea de c\u0103tre dvs. a site-urilor web, precum \u0219i prelucrarea acestor date de c\u0103tre Google prin desc\u0103rcarea \u0219i instalarea plugin-ului pentru browser disponibil la urm\u0103torul link, la rubrica DoubleClick deactivation extension.\u00a0<a href=\"https:\/\/www.google.com\/settings\/ads\/onweb\/\">Link<\/a><br \/>\nAlternativ, pute\u021bi, de asemenea, s\u0103 dezactiva\u021bi cookie-urile Doubleclick cu ajutorul acestei op\u021biuni de dezactivare.<\/p>\n<p>&nbsp;<\/p>\n<p><strong>Securitate<\/strong><\/p>\n<p>Am implementat m\u0103suri de securitate tehnice \u0219i administrative pentru a proteja datele dvs. personale \u00eempotriva pierderii, distrugerii, manipul\u0103rii \u0219i accesului neautorizat. To\u021bi angaja\u021bii no\u0219tri \u0219i furnizorii de servicii care lucreaz\u0103 pentru noi sunt obliga\u021bi s\u0103 respecte legile aplicabile privind protec\u021bia datelor.<\/p>\n<p>Ori de c\u00e2te ori colect\u0103m \u0219i prelucr\u0103m date cu caracter personal, acestea sunt criptate \u00eenainte de a fi transmise. Acest lucru \u00eenseamn\u0103 c\u0103 datele dvs. nu pot fi utilizate \u00een mod abuziv de c\u0103tre ter\u021bi. M\u0103surile noastre de securitate sunt supuse unui proces de \u00eembun\u0103t\u0103\u021bire continu\u0103, iar declara\u021biile noastre privind protec\u021bia datelor sunt revizuite \u00een mod constant. V\u0103 rug\u0103m s\u0103 v\u0103 asigura\u021bi c\u0103 ave\u021bi cea mai recent\u0103 versiune.<\/p>\n<p>&nbsp;<\/p>\n<p><strong>Drepturile persoanelor vizate<\/strong><\/p>\n<p>V\u0103 rug\u0103m s\u0103 ne contacta\u021bi \u00een orice moment dac\u0103 dori\u021bi s\u0103 afla\u021bi ce date cu caracter personal stoc\u0103m despre dumneavoastr\u0103 sau dac\u0103 dori\u021bi s\u0103 le corecta\u021bi sau s\u0103 le \u0219terge\u021bi. \u00cen plus, ave\u021bi dreptul la restric\u021bionarea prelucr\u0103rii (art. 18 DSGVO), dreptul de a v\u0103 opune prelucr\u0103rii (art. 21 DSGVO) \u0219i dreptul la portabilitatea datelor (art. 20 DSGVO).<\/p>\n<p>\u00cen aceste cazuri, v\u0103 rug\u0103m s\u0103 ne contacta\u021bi direct.<\/p>\n<p>&nbsp;<\/p>\n<p><strong>Modific\u0103ri ale acestei politici de confiden\u021bialitate\u00a0<\/strong><\/p>\n<p>Ne rezerv\u0103m dreptul de a modifica politica noastr\u0103 de confiden\u021bialitate dac\u0103 acest lucru este necesar din cauza noilor tehnologii. V\u0103 rug\u0103m s\u0103 v\u0103 asigura\u021bi c\u0103 ave\u021bi cea mai recent\u0103 versiune. \u00cen cazul \u00een care se fac modific\u0103ri materiale la aceast\u0103 declara\u021bie de confiden\u021bialitate, vom publica modific\u0103rile respective pe site-ul nostru web.<\/p>\n<p>Toate p\u0103r\u021bile interesate \u0219i vizitatorii site-ului nostru web ne pot contacta cu privire la problemele legate de protec\u021bia datelor la adresa:<\/p>\n<p>Matthias Hassler LL.M.<br \/>\nProject 29 GmbH &amp; Co. KG<br \/>\nOstengasse 14<br \/>\n93047 Regensburg<\/p>\n<p>Tel.: \u00a00941 2986930<br \/>\nFax: \u00a00941 29869316<br \/>\nE-Mail: m.hassler@projekt29.de<br \/>\nInternet: <a href=\"http:\/\/www.projekt29.de\/\">www.projekt29.de<\/a><\/p>\n<p>\u00cen cazul \u00een care responsabilul nostru cu protec\u021bia datelor nu v\u0103 poate r\u0103spunde satisf\u0103c\u0103tor la \u00eentrebarea dumneavoastr\u0103, ave\u021bi \u00een continuare dreptul de a depune o pl\u00e2ngere la autoritatea de supraveghere a protec\u021biei datelor responsabil\u0103 pentru statul dumneavoastr\u0103 federal.<\/p>\n<p>Conform autorit\u0103\u021bilor de supraveghere, operatorul site-ului web este obligat s\u0103 implementeze o procedur\u0103 de renun\u021bare adecvat\u0103 care s\u0103 \u00eendeplineasc\u0103 urm\u0103toarele cerin\u021be:<\/p>\n<ul>\n<li>\u00cen cazul \u00een care este setat un cookie de excludere, acesta trebuie s\u0103 fie un obiect de stocare HTML5 persistent cu o perioad\u0103 de valabilitate nelimitat\u0103.<\/li>\n<li>Pe de alt\u0103 parte, cookie-urile de sesiune sau alte cookie-uri HTML persistente cu o perioad\u0103 de valabilitate scurt\u0103 nu sunt adecvate \u0219i, prin urmare, nu \u00eendeplinesc cerin\u021bele legale.<\/li>\n<li>O procedur\u0103 de excludere poate fi implementat\u0103 cu pu\u021bin efort prin programarea c\u00e2torva linii de cod Javascript.<\/li>\n<li>O trimitere la site-uri web ale unor ter\u021be p\u0103r\u021bi (cum ar fi youronlinechoices.eu, Network Advertising Initiative) nu este suficient\u0103 pentru o dezactivare. Dup\u0103 setarea modulelor cookie de excludere prin intermediul site-urilor web ale unor astfel de furnizori ter\u021bi, traficul de date continu\u0103 s\u0103 aib\u0103 loc \u00eentre dispozitivul terminal al utilizatorului \u0219i re\u021beaua de publicitate, dup\u0103 \u0219tiin\u021ba noastr\u0103. \u00cen plus, site-urile web ale furnizorilor ter\u021bi con\u021bin, de obicei, func\u021bii JavaScript, care, la r\u00e2ndul lor, permit urm\u0103rirea unui utilizator individual. Prin urmare, este nerezonabil s\u0103 ne a\u0219tept\u0103m ca utilizatorul s\u0103 fie direc\u021bionat c\u0103tre serviciul unei ter\u021be p\u0103r\u021bi pentru o dezabonare, care, la r\u00e2ndul s\u0103u, proceseaz\u0103 datele utilizatorului \u00een scopuri proprii.<\/li>\n<\/ul>\n<\/div>\n<\/div>\n<\/section>\n<\/article>\n<p>[\/vc_column_text][\/vc_column][\/vc_row][vc_row row_btt_skin=&#8221;light&#8221; row_background_text_position=&#8221;front&#8221;][vc_column][vc_empty_space height=&#8221;100px&#8221;][\/vc_column][\/vc_row]<\/p>\n<\/div>","protected":false},"excerpt":{"rendered":"<p>[vc_row row_btt_skin=&#8221;light&#8221; row_background_text_position=&#8221;front&#8221; el_class=&#8221;liststyle&#8221;][vc_column][vc_empty_space height=&#8221;100px&#8221;][vc_column_text] PROTEC\u021aIA DATELOR Lu\u0103m \u00een serios protec\u021bia datelor Protejarea confiden\u021bialit\u0103\u021bii dvs. atunci c\u00e2nd proces\u0103m date cu caracter personal este important\u0103 pentru noi. Atunci c\u00e2nd vizita\u021bi site-ul nostru web, serverele noastre web salveaz\u0103 \u00een mod standard IP-ul [&hellip;]<\/p>\n","protected":false},"author":1,"featured_media":0,"parent":0,"menu_order":0,"comment_status":"closed","ping_status":"open","template":"","meta":{"footnotes":""},"class_list":["post-9658","page","type-page","status-publish","hentry"],"yoast_head":"<!-- This site is optimized with the Yoast SEO plugin v26.3 - https:\/\/yoast.com\/wordpress\/plugins\/seo\/ -->\n<title>PROTEC\u021aIA DATELOR - INAPRIO PERSONALVERMITTLUNG<\/title>\n<meta name=\"robots\" content=\"index, follow, max-snippet:-1, max-image-preview:large, max-video-preview:-1\" \/>\n<link rel=\"canonical\" href=\"https:\/\/www.inaprio.com\/ro\/protectia-datelor\/\" \/>\n<meta property=\"og:locale\" content=\"ro_RO\" \/>\n<meta property=\"og:type\" content=\"article\" \/>\n<meta property=\"og:title\" content=\"PROTEC\u021aIA DATELOR - INAPRIO PERSONALVERMITTLUNG\" \/>\n<meta property=\"og:description\" content=\"[vc_row row_btt_skin=&#8221;light&#8221; row_background_text_position=&#8221;front&#8221; el_class=&#8221;liststyle&#8221;][vc_column][vc_empty_space height=&#8221;100px&#8221;][vc_column_text] PROTEC\u021aIA DATELOR Lu\u0103m \u00een serios protec\u021bia datelor Protejarea confiden\u021bialit\u0103\u021bii dvs. atunci c\u00e2nd proces\u0103m date cu caracter personal este important\u0103 pentru noi. Atunci c\u00e2nd vizita\u021bi site-ul nostru web, serverele noastre web salveaz\u0103 \u00een mod standard IP-ul [&hellip;]\" \/>\n<meta property=\"og:url\" content=\"https:\/\/www.inaprio.com\/ro\/protectia-datelor\/\" \/>\n<meta property=\"og:site_name\" content=\"INAPRIO PERSONALVERMITTLUNG\" \/>\n<meta property=\"article:modified_time\" content=\"2023-07-10T09:33:14+00:00\" \/>\n<meta name=\"twitter:card\" content=\"summary_large_image\" \/>\n<meta name=\"twitter:label1\" content=\"Timp estimat pentru citire\" \/>\n\t<meta name=\"twitter:data1\" content=\"10 minute\" \/>\n<script type=\"application\/ld+json\" class=\"yoast-schema-graph\">{\"@context\":\"https:\/\/schema.org\",\"@graph\":[{\"@type\":\"WebPage\",\"@id\":\"https:\/\/www.inaprio.com\/ro\/protectia-datelor\/\",\"url\":\"https:\/\/www.inaprio.com\/ro\/protectia-datelor\/\",\"name\":\"PROTEC\u021aIA DATELOR - INAPRIO PERSONALVERMITTLUNG\",\"isPartOf\":{\"@id\":\"https:\/\/www.inaprio.com\/en\/#website\"},\"datePublished\":\"2023-03-08T06:54:36+00:00\",\"dateModified\":\"2023-07-10T09:33:14+00:00\",\"breadcrumb\":{\"@id\":\"https:\/\/www.inaprio.com\/ro\/protectia-datelor\/#breadcrumb\"},\"inLanguage\":\"ro-RO\",\"potentialAction\":[{\"@type\":\"ReadAction\",\"target\":[\"https:\/\/www.inaprio.com\/ro\/protectia-datelor\/\"]}]},{\"@type\":\"BreadcrumbList\",\"@id\":\"https:\/\/www.inaprio.com\/ro\/protectia-datelor\/#breadcrumb\",\"itemListElement\":[{\"@type\":\"ListItem\",\"position\":1,\"name\":\"Startseite\",\"item\":\"https:\/\/www.inaprio.com\/ro\/\"},{\"@type\":\"ListItem\",\"position\":2,\"name\":\"PROTEC\u021aIA DATELOR\"}]},{\"@type\":\"WebSite\",\"@id\":\"https:\/\/www.inaprio.com\/en\/#website\",\"url\":\"https:\/\/www.inaprio.com\/en\/\",\"name\":\"INAPRIO PERSONALVERMITTLUNG\",\"description\":\"Wir rekrutieren und vermitteln Arbeitskr\u00e4fte aus ganz Europa.\",\"publisher\":{\"@id\":\"https:\/\/www.inaprio.com\/en\/#organization\"},\"potentialAction\":[{\"@type\":\"SearchAction\",\"target\":{\"@type\":\"EntryPoint\",\"urlTemplate\":\"https:\/\/www.inaprio.com\/en\/?s={search_term_string}\"},\"query-input\":{\"@type\":\"PropertyValueSpecification\",\"valueRequired\":true,\"valueName\":\"search_term_string\"}}],\"inLanguage\":\"ro-RO\"},{\"@type\":\"Organization\",\"@id\":\"https:\/\/www.inaprio.com\/en\/#organization\",\"name\":\"INAPRIO PERSONALVERMITTLUNG\",\"url\":\"https:\/\/www.inaprio.com\/en\/\",\"logo\":{\"@type\":\"ImageObject\",\"inLanguage\":\"ro-RO\",\"@id\":\"https:\/\/www.inaprio.com\/en\/#\/schema\/logo\/image\/\",\"url\":\"https:\/\/www.inaprio.com\/wp-content\/uploads\/2023\/04\/inaprio.png\",\"contentUrl\":\"https:\/\/www.inaprio.com\/wp-content\/uploads\/2023\/04\/inaprio.png\",\"width\":176,\"height\":48,\"caption\":\"INAPRIO PERSONALVERMITTLUNG\"},\"image\":{\"@id\":\"https:\/\/www.inaprio.com\/en\/#\/schema\/logo\/image\/\"}}]}<\/script>\n<!-- \/ Yoast SEO plugin. -->","yoast_head_json":{"title":"PROTEC\u021aIA DATELOR - INAPRIO PERSONALVERMITTLUNG","robots":{"index":"index","follow":"follow","max-snippet":"max-snippet:-1","max-image-preview":"max-image-preview:large","max-video-preview":"max-video-preview:-1"},"canonical":"https:\/\/www.inaprio.com\/ro\/protectia-datelor\/","og_locale":"ro_RO","og_type":"article","og_title":"PROTEC\u021aIA DATELOR - INAPRIO PERSONALVERMITTLUNG","og_description":"[vc_row row_btt_skin=&#8221;light&#8221; row_background_text_position=&#8221;front&#8221; el_class=&#8221;liststyle&#8221;][vc_column][vc_empty_space height=&#8221;100px&#8221;][vc_column_text] PROTEC\u021aIA DATELOR Lu\u0103m \u00een serios protec\u021bia datelor Protejarea confiden\u021bialit\u0103\u021bii dvs. atunci c\u00e2nd proces\u0103m date cu caracter personal este important\u0103 pentru noi. Atunci c\u00e2nd vizita\u021bi site-ul nostru web, serverele noastre web salveaz\u0103 \u00een mod standard IP-ul [&hellip;]","og_url":"https:\/\/www.inaprio.com\/ro\/protectia-datelor\/","og_site_name":"INAPRIO PERSONALVERMITTLUNG","article_modified_time":"2023-07-10T09:33:14+00:00","twitter_card":"summary_large_image","twitter_misc":{"Timp estimat pentru citire":"10 minute"},"schema":{"@context":"https:\/\/schema.org","@graph":[{"@type":"WebPage","@id":"https:\/\/www.inaprio.com\/ro\/protectia-datelor\/","url":"https:\/\/www.inaprio.com\/ro\/protectia-datelor\/","name":"PROTEC\u021aIA DATELOR - INAPRIO PERSONALVERMITTLUNG","isPartOf":{"@id":"https:\/\/www.inaprio.com\/en\/#website"},"datePublished":"2023-03-08T06:54:36+00:00","dateModified":"2023-07-10T09:33:14+00:00","breadcrumb":{"@id":"https:\/\/www.inaprio.com\/ro\/protectia-datelor\/#breadcrumb"},"inLanguage":"ro-RO","potentialAction":[{"@type":"ReadAction","target":["https:\/\/www.inaprio.com\/ro\/protectia-datelor\/"]}]},{"@type":"BreadcrumbList","@id":"https:\/\/www.inaprio.com\/ro\/protectia-datelor\/#breadcrumb","itemListElement":[{"@type":"ListItem","position":1,"name":"Startseite","item":"https:\/\/www.inaprio.com\/ro\/"},{"@type":"ListItem","position":2,"name":"PROTEC\u021aIA DATELOR"}]},{"@type":"WebSite","@id":"https:\/\/www.inaprio.com\/en\/#website","url":"https:\/\/www.inaprio.com\/en\/","name":"INAPRIO PERSONALVERMITTLUNG","description":"Wir rekrutieren und vermitteln Arbeitskr\u00e4fte aus ganz Europa.","publisher":{"@id":"https:\/\/www.inaprio.com\/en\/#organization"},"potentialAction":[{"@type":"SearchAction","target":{"@type":"EntryPoint","urlTemplate":"https:\/\/www.inaprio.com\/en\/?s={search_term_string}"},"query-input":{"@type":"PropertyValueSpecification","valueRequired":true,"valueName":"search_term_string"}}],"inLanguage":"ro-RO"},{"@type":"Organization","@id":"https:\/\/www.inaprio.com\/en\/#organization","name":"INAPRIO PERSONALVERMITTLUNG","url":"https:\/\/www.inaprio.com\/en\/","logo":{"@type":"ImageObject","inLanguage":"ro-RO","@id":"https:\/\/www.inaprio.com\/en\/#\/schema\/logo\/image\/","url":"https:\/\/www.inaprio.com\/wp-content\/uploads\/2023\/04\/inaprio.png","contentUrl":"https:\/\/www.inaprio.com\/wp-content\/uploads\/2023\/04\/inaprio.png","width":176,"height":48,"caption":"INAPRIO PERSONALVERMITTLUNG"},"image":{"@id":"https:\/\/www.inaprio.com\/en\/#\/schema\/logo\/image\/"}}]}},"_links":{"self":[{"href":"https:\/\/www.inaprio.com\/ro\/wp-json\/wp\/v2\/pages\/9658","targetHints":{"allow":["GET"]}}],"collection":[{"href":"https:\/\/www.inaprio.com\/ro\/wp-json\/wp\/v2\/pages"}],"about":[{"href":"https:\/\/www.inaprio.com\/ro\/wp-json\/wp\/v2\/types\/page"}],"author":[{"embeddable":true,"href":"https:\/\/www.inaprio.com\/ro\/wp-json\/wp\/v2\/users\/1"}],"replies":[{"embeddable":true,"href":"https:\/\/www.inaprio.com\/ro\/wp-json\/wp\/v2\/comments?post=9658"}],"version-history":[{"count":5,"href":"https:\/\/www.inaprio.com\/ro\/wp-json\/wp\/v2\/pages\/9658\/revisions"}],"predecessor-version":[{"id":9721,"href":"https:\/\/www.inaprio.com\/ro\/wp-json\/wp\/v2\/pages\/9658\/revisions\/9721"}],"wp:attachment":[{"href":"https:\/\/www.inaprio.com\/ro\/wp-json\/wp\/v2\/media?parent=9658"}],"curies":[{"name":"wp","href":"https:\/\/api.w.org\/{rel}","templated":true}]}}