{"id":9674,"date":"2023-03-22T11:50:05","date_gmt":"2023-03-22T10:50:05","guid":{"rendered":"https:\/\/www.inaprio.com\/berufsgruppen\/"},"modified":"2023-07-10T11:12:50","modified_gmt":"2023-07-10T09:12:50","slug":"grupuri-profesionale","status":"publish","type":"page","link":"https:\/\/www.inaprio.com\/ro\/grupuri-profesionale\/","title":{"rendered":"Grupuri profesionale"},"content":{"rendered":"<div class=\"wpb-content-wrapper\"><p>[vc_row row_btt_skin=&#8221;light&#8221; row_background_text_position=&#8221;front&#8221;][vc_column]<div class=\"mkdf-image-marquee-holder mkdf-im-300 mkdf-im-simple\">\n\t\t\t<div class=\"mkdf-image-marquee\">\n\t    \t        <div class=\"mkdf-image mkdf-original\">\n\t            <img decoding=\"async\" src=\"https:\/\/www.inaprio.com\/wp-content\/uploads\/2023\/05\/Teaser_laufleiste-scaled.jpg\" alt=\"Teaser_laufleiste\" \/>\n\t        <\/div>\n\t\t\t        <div class=\"mkdf-image mkdf-aux\">\n\t            <img decoding=\"async\" src=\"https:\/\/www.inaprio.com\/wp-content\/uploads\/2023\/05\/Teaser_laufleiste-scaled.jpg\" alt=\"Teaser_laufleiste\" \/>\n\t        <\/div>\n\t\t    <\/div>\n<\/div>[\/vc_column][\/vc_row][vc_row row_content_width=&#8221;grid&#8221; row_btt_skin=&#8221;light&#8221; row_background_text_position=&#8221;front&#8221; row_skin=&#8221;dark&#8221; css=&#8221;.vc_custom_1679484395051{margin-top: 60px !important;}&#8221;][vc_column offset=&#8221;vc_col-lg-offset-0 vc_col-lg-10 vc_col-md-offset-0 vc_col-md-12 vc_col-sm-offset-0&#8243;]<div class=\"mkdf-elements-holder   mkdf-one-column  mkdf-responsive-mode-768 \" ><div class=\"mkdf-eh-item    \"  data-item-class=\"mkdf-eh-custom-7183\" data-1025-1366=\"11px 10px 0px 0px\" data-769-1024=\"11px 200px 0px 0px\" data-681-768=\"11px 30px 0px 0px\" data-680=\"11px 0px 0px 0px\">\n\t<div class=\"mkdf-eh-item-inner\">\n\t\t<div class=\"mkdf-eh-item-content mkdf-eh-custom-7183\" style=\"padding: 11px 80px 0px 0px\">\n\t\t\t<div class=\"mkdf-section-title-holder  mkdf-st-standard mkdf-st-title-left mkdf-st-normal-space \" >\n\t<div class=\"mkdf-st-inner\">\n                    <h6 class=\"mkdf-st-intro-title\" style=\"color: #565969\">\n                INAPRIO \u00cenregistrare personal            <\/h6>\n        \t\t\t\t\t<h2 class=\"mkdf-st-title\" >\n\t\t\t\tMEDIEM IN URM\u0102TOARELE DOMENII\t\t\t<\/h2>\n\t\t\t\t\t\t\t<h5 class=\"mkdf-st-text\" style=\"color: #565969;font-size: 22px;line-height: 30px;font-weight: 400;margin-top: 21px\">\n\t\t\t\t\u00cen\u021belegem c\u0103 c\u0103utarea personalului potrivit pentru industria medical\u0103 poate fi o sarcin\u0103 complex\u0103 \u0219i consumatoare de timp. De aceea suntem aici s\u0103 v\u0103 prelu\u0103m aceast\u0103 munc\u0103. Avem acces la o re\u021bea extins\u0103 de candida\u021bi califica\u021bi, care \u00eendeplinesc toate certific\u0103rile \u0219i calific\u0103rile necesare pentru cerin\u021bele posturilor dumneavoastr\u0103.\t\t\t<\/h5>\n\t\t\t<\/div>\n<\/div>[vc_empty_space]\t\t<\/div>\n\t<\/div>\n<\/div><\/div>[\/vc_column][\/vc_row][vc_row row_btt_skin=&#8221;light&#8221; row_background_text_position=&#8221;front&#8221; css=&#8221;.vc_custom_1679484345649{margin-top: 60px !important;margin-bottom: 120px !important;padding-right: 30px !important;padding-left: 30px !important;}&#8221;][vc_column]<div class=\"mkdf-portfolio-list-holder mkdf-grid-list mkdf-disable-bottom-space mkdf-pl-gallery mkdf-three-columns mkdf-normal-space mkdf-pl-gallery-overlay    mkdf-pl-pag-no-pagination      mkdf-pl-light-skin\"  data-type=gallery data-skin=light-skin data-number-of-columns=three data-space-between-items=normal data-number-of-items=25 data-image-proportions=full data-enable-fixed-proportions=no data-enable-image-shadow=no data-category=berufsgruppe data-orderby=date data-order=DESC data-item-style=gallery-overlay data-enable-title=yes data-title-tag=h4 data-enable-category=yes data-enable-count-images=yes data-enable-excerpt=no data-excerpt-length=20 data-readmore=yes data-pagination-type=no-pagination data-filter=no data-filter-order-by=name data-enable-article-animation=no data-portfolio-slider-on=no data-enable-loop=yes data-enable-autoplay=yes data-slider-speed=5000 data-slider-speed-animation=600 data-enable-navigation=yes data-enable-pagination=yes data-enable-auto-width=no data-max-num-pages=1 data-next-page=2>\n\t\t<div class=\"mkdf-pl-inner mkdf-outer-space  clearfix\">\n\t\t<article class=\"mkdf-pl-item mkdf-item-space  post-9682 portfolio-item type-portfolio-item status-publish has-post-thumbnail hentry portfolio-category-berufsgruppe-ro portfolio-tag-asistent-administrativ portfolio-tag-asistenta-medicala-cu-certificare-recunoscuta-de-statul-german portfolio-tag-farmacist portfolio-tag-infirmier portfolio-tag-medic portfolio-tag-terapeut\">\n\t<div class=\"mkdf-pl-item-inner\">\n\t\t<a href=\"https:\/\/www.inaprio.com\/ro\/portfolio-item\/domeniul-medical\/\">\n<div class=\"mkdf-pli-image\">\n\t<img loading=\"lazy\" decoding=\"async\" width=\"800\" height=\"400\" src=\"https:\/\/www.inaprio.com\/wp-content\/uploads\/2023\/05\/20230420-104552.jpg\" class=\"attachment-full size-full wp-post-image\" alt=\"\" srcset=\"https:\/\/www.inaprio.com\/wp-content\/uploads\/2023\/05\/20230420-104552.jpg 800w, https:\/\/www.inaprio.com\/wp-content\/uploads\/2023\/05\/20230420-104552-300x150.jpg 300w, https:\/\/www.inaprio.com\/wp-content\/uploads\/2023\/05\/20230420-104552-768x384.jpg 768w\" sizes=\"auto, (max-width: 800px) 100vw, 800px\" \/><\/div>\n<\/a>\n<div class=\"mkdf-pli-text-holder\">\n\t<div class=\"mkdf-pli-text-wrapper\">\n\t\t<div class=\"mkdf-pli-text\">\n            \t\t<h6 class=\"mkdf-pli-category-holder\">\n\t\t\t\t\t\t\t<a itemprop=\"url\" class=\"mkdf-pli-category\" href=\"https:\/\/www.inaprio.com\/ro\/portfolio-category\/berufsgruppe-ro\/\">Berufsgruppe<\/a>\n\t\t\t\t\t<\/h6>\n\t\n                <a href=\"https:\/\/www.inaprio.com\/ro\/portfolio-item\/domeniul-medical\/\">\n\t<h4 itemprop=\"name\" class=\"mkdf-pli-title entry-title\" >\n\t\tDOMENIUL MEDICAL\t<\/h4>\n    <\/a>\n\n            \n            \n            \n    <div class=\"mkdf-pl-read-more-holder\">\n    \n    <a itemprop=\"url\" href=\"https:\/\/www.inaprio.com\/ro\/portfolio-item\/domeniul-medical\/\" target=\"_self\"  class=\"mkdf-btn mkdf-btn-medium mkdf-btn-simple\"  >\n        <span class=\"mkdf-btn-text\">Find out more<\/span>\n<\/a>\n    <\/div>\n\n    \t\t<\/div>\n\t<\/div>\n<\/div>\n\t\t<a itemprop=\"url\" class=\"mkdf-pli-link mkdf-block-drag-link\" href=\"https:\/\/www.inaprio.com\/ro\/portfolio-item\/domeniul-medical\/\" target=\"_self\"><\/a>\n\t<\/div>\n<\/article><article class=\"mkdf-pl-item mkdf-item-space  post-9686 portfolio-item type-portfolio-item status-publish has-post-thumbnail hentry portfolio-category-berufsgruppe-ro\">\n\t<div class=\"mkdf-pl-item-inner\">\n\t\t<a href=\"https:\/\/www.inaprio.com\/ro\/portfolio-item\/logistica\/\">\n<div class=\"mkdf-pli-image\">\n\t<img loading=\"lazy\" decoding=\"async\" width=\"800\" height=\"400\" src=\"https:\/\/www.inaprio.com\/wp-content\/uploads\/2023\/05\/20230418-130325.jpg\" class=\"attachment-full size-full wp-post-image\" alt=\"\" srcset=\"https:\/\/www.inaprio.com\/wp-content\/uploads\/2023\/05\/20230418-130325.jpg 800w, https:\/\/www.inaprio.com\/wp-content\/uploads\/2023\/05\/20230418-130325-300x150.jpg 300w, https:\/\/www.inaprio.com\/wp-content\/uploads\/2023\/05\/20230418-130325-768x384.jpg 768w\" sizes=\"auto, (max-width: 800px) 100vw, 800px\" \/><\/div>\n<\/a>\n<div class=\"mkdf-pli-text-holder\">\n\t<div class=\"mkdf-pli-text-wrapper\">\n\t\t<div class=\"mkdf-pli-text\">\n            \t\t<h6 class=\"mkdf-pli-category-holder\">\n\t\t\t\t\t\t\t<a itemprop=\"url\" class=\"mkdf-pli-category\" href=\"https:\/\/www.inaprio.com\/ro\/portfolio-category\/berufsgruppe-ro\/\">Berufsgruppe<\/a>\n\t\t\t\t\t<\/h6>\n\t\n                <a href=\"https:\/\/www.inaprio.com\/ro\/portfolio-item\/logistica\/\">\n\t<h4 itemprop=\"name\" class=\"mkdf-pli-title entry-title\" >\n\t\tLogistic\u0103\t<\/h4>\n    <\/a>\n\n            \n            \n            \n    <div class=\"mkdf-pl-read-more-holder\">\n    \n    <a itemprop=\"url\" href=\"https:\/\/www.inaprio.com\/ro\/portfolio-item\/logistica\/\" target=\"_self\"  class=\"mkdf-btn mkdf-btn-medium mkdf-btn-simple\"  >\n        <span class=\"mkdf-btn-text\">Find out more<\/span>\n<\/a>\n    <\/div>\n\n    \t\t<\/div>\n\t<\/div>\n<\/div>\n\t\t<a itemprop=\"url\" class=\"mkdf-pli-link mkdf-block-drag-link\" href=\"https:\/\/www.inaprio.com\/ro\/portfolio-item\/logistica\/\" target=\"_self\"><\/a>\n\t<\/div>\n<\/article><article class=\"mkdf-pl-item mkdf-item-space  post-9688 portfolio-item type-portfolio-item status-publish has-post-thumbnail hentry portfolio-category-berufsgruppe-ro portfolio-tag-asistent-de-bucatarie portfolio-tag-barman portfolio-tag-bucatar portfolio-tag-bucatar-sef portfolio-tag-ospatari\">\n\t<div class=\"mkdf-pl-item-inner\">\n\t\t<a href=\"https:\/\/www.inaprio.com\/ro\/portfolio-item\/gastronomie\/\">\n<div class=\"mkdf-pli-image\">\n\t<img loading=\"lazy\" decoding=\"async\" width=\"800\" height=\"400\" src=\"https:\/\/www.inaprio.com\/wp-content\/uploads\/2023\/06\/koch.jpg\" class=\"attachment-full size-full wp-post-image\" alt=\"\" srcset=\"https:\/\/www.inaprio.com\/wp-content\/uploads\/2023\/06\/koch.jpg 800w, https:\/\/www.inaprio.com\/wp-content\/uploads\/2023\/06\/koch-300x150.jpg 300w, https:\/\/www.inaprio.com\/wp-content\/uploads\/2023\/06\/koch-768x384.jpg 768w\" sizes=\"auto, (max-width: 800px) 100vw, 800px\" \/><\/div>\n<\/a>\n<div class=\"mkdf-pli-text-holder\">\n\t<div class=\"mkdf-pli-text-wrapper\">\n\t\t<div class=\"mkdf-pli-text\">\n            \t\t<h6 class=\"mkdf-pli-category-holder\">\n\t\t\t\t\t\t\t<a itemprop=\"url\" class=\"mkdf-pli-category\" href=\"https:\/\/www.inaprio.com\/ro\/portfolio-category\/berufsgruppe-ro\/\">Berufsgruppe<\/a>\n\t\t\t\t\t<\/h6>\n\t\n                <a href=\"https:\/\/www.inaprio.com\/ro\/portfolio-item\/gastronomie\/\">\n\t<h4 itemprop=\"name\" class=\"mkdf-pli-title entry-title\" >\n\t\tGASTRONOMIE\t<\/h4>\n    <\/a>\n\n            \n            \n            \n    <div class=\"mkdf-pl-read-more-holder\">\n    \n    <a itemprop=\"url\" href=\"https:\/\/www.inaprio.com\/ro\/portfolio-item\/gastronomie\/\" target=\"_self\"  class=\"mkdf-btn mkdf-btn-medium mkdf-btn-simple\"  >\n        <span class=\"mkdf-btn-text\">Find out more<\/span>\n<\/a>\n    <\/div>\n\n    \t\t<\/div>\n\t<\/div>\n<\/div>\n\t\t<a itemprop=\"url\" class=\"mkdf-pli-link mkdf-block-drag-link\" href=\"https:\/\/www.inaprio.com\/ro\/portfolio-item\/gastronomie\/\" target=\"_self\"><\/a>\n\t<\/div>\n<\/article><article class=\"mkdf-pl-item mkdf-item-space  post-9690 portfolio-item type-portfolio-item status-publish has-post-thumbnail hentry portfolio-category-berufsgruppe-ro portfolio-tag-ajutor-de-gradinar portfolio-tag-arhitect-peisagist portfolio-tag-asistent-de-amenajare-peisagistica portfolio-tag-asistent-gradinar-peisagist portfolio-tag-asistent-horticol portfolio-tag-ingrijitor-de-mediu\">\n\t<div class=\"mkdf-pl-item-inner\">\n\t\t<a href=\"https:\/\/www.inaprio.com\/ro\/portfolio-item\/gradinar-amenajare-peisagistica\/\">\n<div class=\"mkdf-pli-image\">\n\t<img loading=\"lazy\" decoding=\"async\" width=\"800\" height=\"400\" src=\"https:\/\/www.inaprio.com\/wp-content\/uploads\/2023\/05\/20230424-051153-1.jpg\" class=\"attachment-full size-full wp-post-image\" alt=\"\" srcset=\"https:\/\/www.inaprio.com\/wp-content\/uploads\/2023\/05\/20230424-051153-1.jpg 800w, https:\/\/www.inaprio.com\/wp-content\/uploads\/2023\/05\/20230424-051153-1-300x150.jpg 300w, https:\/\/www.inaprio.com\/wp-content\/uploads\/2023\/05\/20230424-051153-1-768x384.jpg 768w\" sizes=\"auto, (max-width: 800px) 100vw, 800px\" \/><\/div>\n<\/a>\n<div class=\"mkdf-pli-text-holder\">\n\t<div class=\"mkdf-pli-text-wrapper\">\n\t\t<div class=\"mkdf-pli-text\">\n            \t\t<h6 class=\"mkdf-pli-category-holder\">\n\t\t\t\t\t\t\t<a itemprop=\"url\" class=\"mkdf-pli-category\" href=\"https:\/\/www.inaprio.com\/ro\/portfolio-category\/berufsgruppe-ro\/\">Berufsgruppe<\/a>\n\t\t\t\t\t<\/h6>\n\t\n                <a href=\"https:\/\/www.inaprio.com\/ro\/portfolio-item\/gradinar-amenajare-peisagistica\/\">\n\t<h4 itemprop=\"name\" class=\"mkdf-pli-title entry-title\" >\n\t\tGR\u0102DIN\u0102R- AMENAJARE PEISAGISTIC\u0102\t<\/h4>\n    <\/a>\n\n            \n            \n            \n    <div class=\"mkdf-pl-read-more-holder\">\n    \n    <a itemprop=\"url\" href=\"https:\/\/www.inaprio.com\/ro\/portfolio-item\/gradinar-amenajare-peisagistica\/\" target=\"_self\"  class=\"mkdf-btn mkdf-btn-medium mkdf-btn-simple\"  >\n        <span class=\"mkdf-btn-text\">Find out more<\/span>\n<\/a>\n    <\/div>\n\n    \t\t<\/div>\n\t<\/div>\n<\/div>\n\t\t<a itemprop=\"url\" class=\"mkdf-pli-link mkdf-block-drag-link\" href=\"https:\/\/www.inaprio.com\/ro\/portfolio-item\/gradinar-amenajare-peisagistica\/\" target=\"_self\"><\/a>\n\t<\/div>\n<\/article><article class=\"mkdf-pl-item mkdf-item-space  post-9692 portfolio-item type-portfolio-item status-publish has-post-thumbnail hentry portfolio-category-berufsgruppe-ro portfolio-tag-educatie portfolio-tag-formare portfolio-tag-formare-in-sectorul-sanatatii portfolio-tag-formare-profesionala-in-domeniul-sanatatii portfolio-tag-sanatate\">\n\t<div class=\"mkdf-pl-item-inner\">\n\t\t<a href=\"https:\/\/www.inaprio.com\/ro\/portfolio-item\/educatie\/\">\n<div class=\"mkdf-pli-image\">\n\t<img loading=\"lazy\" decoding=\"async\" width=\"800\" height=\"400\" src=\"https:\/\/www.inaprio.com\/wp-content\/uploads\/2023\/05\/20230502-092557.jpg\" class=\"attachment-full size-full wp-post-image\" alt=\"\" srcset=\"https:\/\/www.inaprio.com\/wp-content\/uploads\/2023\/05\/20230502-092557.jpg 800w, https:\/\/www.inaprio.com\/wp-content\/uploads\/2023\/05\/20230502-092557-300x150.jpg 300w, https:\/\/www.inaprio.com\/wp-content\/uploads\/2023\/05\/20230502-092557-768x384.jpg 768w\" sizes=\"auto, (max-width: 800px) 100vw, 800px\" \/><\/div>\n<\/a>\n<div class=\"mkdf-pli-text-holder\">\n\t<div class=\"mkdf-pli-text-wrapper\">\n\t\t<div class=\"mkdf-pli-text\">\n            \t\t<h6 class=\"mkdf-pli-category-holder\">\n\t\t\t\t\t\t\t<a itemprop=\"url\" class=\"mkdf-pli-category\" href=\"https:\/\/www.inaprio.com\/ro\/portfolio-category\/berufsgruppe-ro\/\">Berufsgruppe<\/a>\n\t\t\t\t\t<\/h6>\n\t\n                <a href=\"https:\/\/www.inaprio.com\/ro\/portfolio-item\/educatie\/\">\n\t<h4 itemprop=\"name\" class=\"mkdf-pli-title entry-title\" >\n\t\tFormare profesional\u0103 \u00een domeniul s\u0103n\u0103t\u0103\u021bii\t<\/h4>\n    <\/a>\n\n            \n            \n            \n    <div class=\"mkdf-pl-read-more-holder\">\n    \n    <a itemprop=\"url\" href=\"https:\/\/www.inaprio.com\/ro\/portfolio-item\/educatie\/\" target=\"_self\"  class=\"mkdf-btn mkdf-btn-medium mkdf-btn-simple\"  >\n        <span class=\"mkdf-btn-text\">Find out more<\/span>\n<\/a>\n    <\/div>\n\n    \t\t<\/div>\n\t<\/div>\n<\/div>\n\t\t<a itemprop=\"url\" class=\"mkdf-pli-link mkdf-block-drag-link\" href=\"https:\/\/www.inaprio.com\/ro\/portfolio-item\/educatie\/\" target=\"_self\"><\/a>\n\t<\/div>\n<\/article>\t<\/div>\n\t\n\t<\/div>[\/vc_column][\/vc_row]<\/p>\n<\/div>","protected":false},"excerpt":{"rendered":"<p>[vc_row row_btt_skin=&#8221;light&#8221; row_background_text_position=&#8221;front&#8221;][vc_column][\/vc_column][\/vc_row][vc_row row_content_width=&#8221;grid&#8221; row_btt_skin=&#8221;light&#8221; row_background_text_position=&#8221;front&#8221; row_skin=&#8221;dark&#8221; css=&#8221;.vc_custom_1679484395051{margin-top: 60px !important;}&#8221;][vc_column offset=&#8221;vc_col-lg-offset-0 vc_col-lg-10 vc_col-md-offset-0 vc_col-md-12 vc_col-sm-offset-0&#8243;][\/vc_column][\/vc_row][vc_row row_btt_skin=&#8221;light&#8221; row_background_text_position=&#8221;front&#8221; css=&#8221;.vc_custom_1679484345649{margin-top: 60px !important;margin-bottom: 120px !important;padding-right: 30px !important;padding-left: 30px !important;}&#8221;][vc_column][\/vc_column][\/vc_row]<\/p>\n","protected":false},"author":1,"featured_media":0,"parent":0,"menu_order":0,"comment_status":"closed","ping_status":"closed","template":"qi-blocks-full-width.php","meta":{"footnotes":""},"class_list":["post-9674","page","type-page","status-publish","hentry"],"yoast_head":"<!-- This site is optimized with the Yoast SEO plugin v26.3 - https:\/\/yoast.com\/wordpress\/plugins\/seo\/ -->\n<title>Grupuri profesionale - INAPRIO PERSONALVERMITTLUNG<\/title>\n<meta name=\"description\" content=\"\u00cen\u021belegem c\u0103 c\u0103utarea personalului potrivit pentru industria medical\u0103 poate fi o sarcin\u0103 complex\u0103 \u0219i consumatoare de timp. De aceea suntem aici s\u0103 v\u0103 prelu\u0103m aceast\u0103 munc\u0103. Avem acces la o re\u021bea extins\u0103 de candida\u021bi califica\u021bi, care \u00eendeplinesc toate certific\u0103rile \u0219i calific\u0103rile necesare pentru cerin\u021bele posturilor dumneavoastr\u0103.\" \/>\n<meta name=\"robots\" content=\"index, follow, max-snippet:-1, max-image-preview:large, max-video-preview:-1\" \/>\n<link rel=\"canonical\" href=\"https:\/\/www.inaprio.com\/ro\/grupuri-profesionale\/\" \/>\n<meta property=\"og:locale\" content=\"ro_RO\" \/>\n<meta property=\"og:type\" content=\"article\" \/>\n<meta property=\"og:title\" content=\"Grupuri profesionale - INAPRIO PERSONALVERMITTLUNG\" \/>\n<meta property=\"og:description\" content=\"\u00cen\u021belegem c\u0103 c\u0103utarea personalului potrivit pentru industria medical\u0103 poate fi o sarcin\u0103 complex\u0103 \u0219i consumatoare de timp. De aceea suntem aici s\u0103 v\u0103 prelu\u0103m aceast\u0103 munc\u0103. Avem acces la o re\u021bea extins\u0103 de candida\u021bi califica\u021bi, care \u00eendeplinesc toate certific\u0103rile \u0219i calific\u0103rile necesare pentru cerin\u021bele posturilor dumneavoastr\u0103.\" \/>\n<meta property=\"og:url\" content=\"https:\/\/www.inaprio.com\/ro\/grupuri-profesionale\/\" \/>\n<meta property=\"og:site_name\" content=\"INAPRIO PERSONALVERMITTLUNG\" \/>\n<meta property=\"article:modified_time\" content=\"2023-07-10T09:12:50+00:00\" \/>\n<meta name=\"twitter:card\" content=\"summary_large_image\" \/>\n<meta name=\"twitter:label1\" content=\"Timp estimat pentru citire\" \/>\n\t<meta name=\"twitter:data1\" content=\"1 minut\" \/>\n<script type=\"application\/ld+json\" class=\"yoast-schema-graph\">{\"@context\":\"https:\/\/schema.org\",\"@graph\":[{\"@type\":\"WebPage\",\"@id\":\"https:\/\/www.inaprio.com\/ro\/grupuri-profesionale\/\",\"url\":\"https:\/\/www.inaprio.com\/ro\/grupuri-profesionale\/\",\"name\":\"Grupuri profesionale - INAPRIO PERSONALVERMITTLUNG\",\"isPartOf\":{\"@id\":\"https:\/\/www.inaprio.com\/en\/#website\"},\"datePublished\":\"2023-03-22T10:50:05+00:00\",\"dateModified\":\"2023-07-10T09:12:50+00:00\",\"description\":\"\u00cen\u021belegem c\u0103 c\u0103utarea personalului potrivit pentru industria medical\u0103 poate fi o sarcin\u0103 complex\u0103 \u0219i consumatoare de timp. De aceea suntem aici s\u0103 v\u0103 prelu\u0103m aceast\u0103 munc\u0103. Avem acces la o re\u021bea extins\u0103 de candida\u021bi califica\u021bi, care \u00eendeplinesc toate certific\u0103rile \u0219i calific\u0103rile necesare pentru cerin\u021bele posturilor dumneavoastr\u0103.\",\"breadcrumb\":{\"@id\":\"https:\/\/www.inaprio.com\/ro\/grupuri-profesionale\/#breadcrumb\"},\"inLanguage\":\"ro-RO\",\"potentialAction\":[{\"@type\":\"ReadAction\",\"target\":[\"https:\/\/www.inaprio.com\/ro\/grupuri-profesionale\/\"]}]},{\"@type\":\"BreadcrumbList\",\"@id\":\"https:\/\/www.inaprio.com\/ro\/grupuri-profesionale\/#breadcrumb\",\"itemListElement\":[{\"@type\":\"ListItem\",\"position\":1,\"name\":\"Startseite\",\"item\":\"https:\/\/www.inaprio.com\/ro\/\"},{\"@type\":\"ListItem\",\"position\":2,\"name\":\"Grupuri profesionale\"}]},{\"@type\":\"WebSite\",\"@id\":\"https:\/\/www.inaprio.com\/en\/#website\",\"url\":\"https:\/\/www.inaprio.com\/en\/\",\"name\":\"INAPRIO PERSONALVERMITTLUNG\",\"description\":\"Wir rekrutieren und vermitteln Arbeitskr\u00e4fte aus ganz Europa.\",\"publisher\":{\"@id\":\"https:\/\/www.inaprio.com\/en\/#organization\"},\"potentialAction\":[{\"@type\":\"SearchAction\",\"target\":{\"@type\":\"EntryPoint\",\"urlTemplate\":\"https:\/\/www.inaprio.com\/en\/?s={search_term_string}\"},\"query-input\":{\"@type\":\"PropertyValueSpecification\",\"valueRequired\":true,\"valueName\":\"search_term_string\"}}],\"inLanguage\":\"ro-RO\"},{\"@type\":\"Organization\",\"@id\":\"https:\/\/www.inaprio.com\/en\/#organization\",\"name\":\"INAPRIO PERSONALVERMITTLUNG\",\"url\":\"https:\/\/www.inaprio.com\/en\/\",\"logo\":{\"@type\":\"ImageObject\",\"inLanguage\":\"ro-RO\",\"@id\":\"https:\/\/www.inaprio.com\/en\/#\/schema\/logo\/image\/\",\"url\":\"https:\/\/www.inaprio.com\/wp-content\/uploads\/2023\/04\/inaprio.png\",\"contentUrl\":\"https:\/\/www.inaprio.com\/wp-content\/uploads\/2023\/04\/inaprio.png\",\"width\":176,\"height\":48,\"caption\":\"INAPRIO PERSONALVERMITTLUNG\"},\"image\":{\"@id\":\"https:\/\/www.inaprio.com\/en\/#\/schema\/logo\/image\/\"}}]}<\/script>\n<!-- \/ Yoast SEO plugin. -->","yoast_head_json":{"title":"Grupuri profesionale - INAPRIO PERSONALVERMITTLUNG","description":"\u00cen\u021belegem c\u0103 c\u0103utarea personalului potrivit pentru industria medical\u0103 poate fi o sarcin\u0103 complex\u0103 \u0219i consumatoare de timp. De aceea suntem aici s\u0103 v\u0103 prelu\u0103m aceast\u0103 munc\u0103. Avem acces la o re\u021bea extins\u0103 de candida\u021bi califica\u021bi, care \u00eendeplinesc toate certific\u0103rile \u0219i calific\u0103rile necesare pentru cerin\u021bele posturilor dumneavoastr\u0103.","robots":{"index":"index","follow":"follow","max-snippet":"max-snippet:-1","max-image-preview":"max-image-preview:large","max-video-preview":"max-video-preview:-1"},"canonical":"https:\/\/www.inaprio.com\/ro\/grupuri-profesionale\/","og_locale":"ro_RO","og_type":"article","og_title":"Grupuri profesionale - INAPRIO PERSONALVERMITTLUNG","og_description":"\u00cen\u021belegem c\u0103 c\u0103utarea personalului potrivit pentru industria medical\u0103 poate fi o sarcin\u0103 complex\u0103 \u0219i consumatoare de timp. De aceea suntem aici s\u0103 v\u0103 prelu\u0103m aceast\u0103 munc\u0103. Avem acces la o re\u021bea extins\u0103 de candida\u021bi califica\u021bi, care \u00eendeplinesc toate certific\u0103rile \u0219i calific\u0103rile necesare pentru cerin\u021bele posturilor dumneavoastr\u0103.","og_url":"https:\/\/www.inaprio.com\/ro\/grupuri-profesionale\/","og_site_name":"INAPRIO PERSONALVERMITTLUNG","article_modified_time":"2023-07-10T09:12:50+00:00","twitter_card":"summary_large_image","twitter_misc":{"Timp estimat pentru citire":"1 minut"},"schema":{"@context":"https:\/\/schema.org","@graph":[{"@type":"WebPage","@id":"https:\/\/www.inaprio.com\/ro\/grupuri-profesionale\/","url":"https:\/\/www.inaprio.com\/ro\/grupuri-profesionale\/","name":"Grupuri profesionale - INAPRIO PERSONALVERMITTLUNG","isPartOf":{"@id":"https:\/\/www.inaprio.com\/en\/#website"},"datePublished":"2023-03-22T10:50:05+00:00","dateModified":"2023-07-10T09:12:50+00:00","description":"\u00cen\u021belegem c\u0103 c\u0103utarea personalului potrivit pentru industria medical\u0103 poate fi o sarcin\u0103 complex\u0103 \u0219i consumatoare de timp. De aceea suntem aici s\u0103 v\u0103 prelu\u0103m aceast\u0103 munc\u0103. Avem acces la o re\u021bea extins\u0103 de candida\u021bi califica\u021bi, care \u00eendeplinesc toate certific\u0103rile \u0219i calific\u0103rile necesare pentru cerin\u021bele posturilor dumneavoastr\u0103.","breadcrumb":{"@id":"https:\/\/www.inaprio.com\/ro\/grupuri-profesionale\/#breadcrumb"},"inLanguage":"ro-RO","potentialAction":[{"@type":"ReadAction","target":["https:\/\/www.inaprio.com\/ro\/grupuri-profesionale\/"]}]},{"@type":"BreadcrumbList","@id":"https:\/\/www.inaprio.com\/ro\/grupuri-profesionale\/#breadcrumb","itemListElement":[{"@type":"ListItem","position":1,"name":"Startseite","item":"https:\/\/www.inaprio.com\/ro\/"},{"@type":"ListItem","position":2,"name":"Grupuri profesionale"}]},{"@type":"WebSite","@id":"https:\/\/www.inaprio.com\/en\/#website","url":"https:\/\/www.inaprio.com\/en\/","name":"INAPRIO PERSONALVERMITTLUNG","description":"Wir rekrutieren und vermitteln Arbeitskr\u00e4fte aus ganz Europa.","publisher":{"@id":"https:\/\/www.inaprio.com\/en\/#organization"},"potentialAction":[{"@type":"SearchAction","target":{"@type":"EntryPoint","urlTemplate":"https:\/\/www.inaprio.com\/en\/?s={search_term_string}"},"query-input":{"@type":"PropertyValueSpecification","valueRequired":true,"valueName":"search_term_string"}}],"inLanguage":"ro-RO"},{"@type":"Organization","@id":"https:\/\/www.inaprio.com\/en\/#organization","name":"INAPRIO PERSONALVERMITTLUNG","url":"https:\/\/www.inaprio.com\/en\/","logo":{"@type":"ImageObject","inLanguage":"ro-RO","@id":"https:\/\/www.inaprio.com\/en\/#\/schema\/logo\/image\/","url":"https:\/\/www.inaprio.com\/wp-content\/uploads\/2023\/04\/inaprio.png","contentUrl":"https:\/\/www.inaprio.com\/wp-content\/uploads\/2023\/04\/inaprio.png","width":176,"height":48,"caption":"INAPRIO PERSONALVERMITTLUNG"},"image":{"@id":"https:\/\/www.inaprio.com\/en\/#\/schema\/logo\/image\/"}}]}},"_links":{"self":[{"href":"https:\/\/www.inaprio.com\/ro\/wp-json\/wp\/v2\/pages\/9674","targetHints":{"allow":["GET"]}}],"collection":[{"href":"https:\/\/www.inaprio.com\/ro\/wp-json\/wp\/v2\/pages"}],"about":[{"href":"https:\/\/www.inaprio.com\/ro\/wp-json\/wp\/v2\/types\/page"}],"author":[{"embeddable":true,"href":"https:\/\/www.inaprio.com\/ro\/wp-json\/wp\/v2\/users\/1"}],"replies":[{"embeddable":true,"href":"https:\/\/www.inaprio.com\/ro\/wp-json\/wp\/v2\/comments?post=9674"}],"version-history":[{"count":3,"href":"https:\/\/www.inaprio.com\/ro\/wp-json\/wp\/v2\/pages\/9674\/revisions"}],"predecessor-version":[{"id":9832,"href":"https:\/\/www.inaprio.com\/ro\/wp-json\/wp\/v2\/pages\/9674\/revisions\/9832"}],"wp:attachment":[{"href":"https:\/\/www.inaprio.com\/ro\/wp-json\/wp\/v2\/media?parent=9674"}],"curies":[{"name":"wp","href":"https:\/\/api.w.org\/{rel}","templated":true}]}}